{"id":813,"date":"2023-10-09T03:54:45","date_gmt":"2023-10-09T03:54:45","guid":{"rendered":"https:\/\/atssb.edu.rs\/en?page_id=813"},"modified":"2024-09-25T10:14:46","modified_gmt":"2024-09-25T10:14:46","slug":"studentski-parlament","status":"publish","type":"page","link":"https:\/\/politehnika.edu.rs\/en\/studentski-parlament\/","title":{"rendered":"STUDENTS\u2019 PARLIAMENT"},"content":{"rendered":"\n<div class=\"hero\">\n            <img decoding=\"async\" class=\"hero__img\"\n             src=\"https:\/\/politehnika.edu.rs\/en\/wp-content\/uploads\/2023\/10\/image-224.jpg\"\n             alt=\"\">\n        <svg class=\"hero__mask\" xmlns=\"http:\/\/www.w3.org\/2000\/svg\" xmlns:xlink=\"http:\/\/www.w3.org\/1999\/xlink\"\n         x=\"0px\" y=\"0px\"\n         viewBox=\"0 0 751 314.9\" style=\"enable-background:new 0 0 751 314.9;\" xml:space=\"preserve\">\n    <path class=\"hero__circle hero__circle--1\"\n          d=\"M63.1,234.9c64.9,42.8,152.2,25,195.1-39.6L23.4,40.3C-19.5,105-1.7,192.1,63.1,234.9z\"\/>\n        <g class=\"hero__circle hero__circle--2\">\n            <rect x=\"143.5\" y=\"56.6\" style=\"opacity:0;fill:#FFFFFF;\" width=\"258.3\" height=\"258.3\"\/>\n            <path d=\"M338.6,80c-64.8-42.8-152.2-25-195.1,39.6l234.9,155C421.3,209.9,403.5,122.7,338.6,80z\"\/>\n        <\/g>\n        <g class=\"hero__circle hero__circle--3\">\n            <rect x=\"345.9\" style=\"opacity:0;fill:#FFFFFF;\" width=\"258.3\" height=\"258.3\"\/>\n            <path d=\"M409.1,234.9c64.9,42.8,152.2,25,195.1-39.6l-234.9-155C326.4,105,344.2,192.1,409.1,234.9z\"\/>\n        <\/g>\n        <path class=\"hero__circle hero__circle--4\"\n              d=\"M687.7,82c-64.9-42.8-152.2-25-195.1,39.6l234.9,155C770.4,212,752.6,124.8,687.7,82z\"\/>\n    <\/svg>\n    <svg class=\"hero__blend\" xmlns=\"http:\/\/www.w3.org\/2000\/svg\" xmlns:xlink=\"http:\/\/www.w3.org\/1999\/xlink\"\n         x=\"0px\" y=\"0px\"\n         viewBox=\"0 0 751 314.9\" style=\"enable-background:new 0 0 751 314.9;\" xml:space=\"preserve\">\n        <path class=\"hero__circle hero__circle--1\" style=\"fill:#F36F28;\"\n              d=\"M63.1,234.9c64.9,42.8,152.2,25,195.1-39.6L23.4,40.3C-19.5,105-1.7,192.1,63.1,234.9z\"\/>\n        <g class=\"hero__circle hero__circle--2\">\n            <rect x=\"143.5\" y=\"56.6\" style=\"opacity:0;fill:#FFFFFF;\" width=\"258.3\" height=\"258.3\"\/>\n            <path style=\"fill:#9F4098;\"\n                  d=\"M338.6,80c-64.8-42.8-152.2-25-195.1,39.6l234.9,155C421.3,209.9,403.5,122.7,338.6,80z\"\/>\n        <\/g>\n        <g class=\"hero__circle hero__circle--3\">\n            <rect x=\"345.9\" style=\"opacity:0;fill:#FFFFFF;\" width=\"258.3\" height=\"258.3\"\/>\n            <path style=\"fill:#299BD6;\"\n                  d=\"M409.1,234.9c64.9,42.8,152.2,25,195.1-39.6l-234.9-155C326.4,105,344.2,192.1,409.1,234.9z\"\/>\n        <\/g>\n        <path class=\"hero__circle hero__circle--4\" style=\"fill:#31B44B;\"\n              d=\"M687.7,82c-64.9-42.8-152.2-25-195.1,39.6l234.9,155C770.4,212,752.6,124.8,687.7,82z\"\/>\n    <\/svg>\n    <svg class=\"hero__filler\" xmlns=\"http:\/\/www.w3.org\/2000\/svg\" xmlns:xlink=\"http:\/\/www.w3.org\/1999\/xlink\"\n         x=\"0px\" y=\"0px\"\n         viewBox=\"0 0 751 314.9\" style=\"enable-background:new 0 0 751 314.9;\" xml:space=\"preserve\">\n        <path class=\"hero__circle hero__circle--1\" style=\"fill:#F36F28;\"\n              d=\"M63.1,234.9c64.9,42.8,152.2,25,195.1-39.6L23.4,40.3C-19.5,105-1.7,192.1,63.1,234.9z\"\/>\n        <g class=\"hero__circle hero__circle--2\">\n            <rect x=\"143.5\" y=\"56.6\" style=\"opacity:0;fill:#FFFFFF;\" width=\"258.3\" height=\"258.3\"\/>\n            <path style=\"fill:#9F4098;\"\n                  d=\"M338.6,80c-64.8-42.8-152.2-25-195.1,39.6l234.9,155C421.3,209.9,403.5,122.7,338.6,80z\"\/>\n        <\/g>\n        <g class=\"hero__circle hero__circle--3\">\n            <rect x=\"345.9\" style=\"opacity:0;fill:#FFFFFF;\" width=\"258.3\" height=\"258.3\"\/>\n            <path style=\"fill:#299BD6;\"\n                  d=\"M409.1,234.9c64.9,42.8,152.2,25,195.1-39.6l-234.9-155C326.4,105,344.2,192.1,409.1,234.9z\"\/>\n        <\/g>\n        <path class=\"hero__circle hero__circle--4\" style=\"fill:#31B44B;\"\n              d=\"M687.7,82c-64.9-42.8-152.2-25-195.1,39.6l234.9,155C770.4,212,752.6,124.8,687.7,82z\"\/>\n    <\/svg>\n    <div class=\"hero__color\"><\/div>\n    <div class=\"container\">\n                    <h1 class=\"hero__title\">STUDENTS\u2019 PARLIAMENT<\/h1>\n            <\/div>\n<\/div>\n\n\n\n\n    <div class=\"text text--wider \">\n        <div class=\"container\">\n            <div class=\"text__content\">\n                                    <img decoding=\"async\" class=\"text__bg\"\n                         src=\"https:\/\/politehnika.edu.rs\/en\/wp-content\/themes\/akademija\/dist\/images\/text-bg.jpg\"\n                         alt=\"text background image\">\n                                <div class=\"acf-inner-blocks\">\n\n<p>The Students\u2019 Parliament stands as the vibrant cornerstone of the Academy of Applied Studies Polytechnic, embodying the democratic spirit through which students actively assert their rights and safeguard their interests in alignment with legal provisions.\u00a0Biennially, in the month of April, the Academy witnesses the elections for the President and members of the Students\u2019 Parliament. This electoral process is a pivotal moment that underscores the essence of student engagement and participatory democracy within the academic community. The Students\u2019 Parliament represents not only a governing body but a thriving hub of ideas, perspectives, and aspirations. Through its public engagements, the Parliament becomes a conduit for collective expression and the pursuit of the student community&#8217;s welfare.\u00a0<\/p>\n\n<\/div>\n            <\/div>\n        <\/div>\n    <\/div>\n    \n\n\n    <div class=\"text  \">\n        <div class=\"container\">\n            <div class=\"text__content\">\n                                <div class=\"acf-inner-blocks\">\n\n<p>The inclusive nature of the electoral process and the Students&#8217; Parliament&#8217;s activities fosters a sense of ownership and active involvement among students, contributing to the overall vibrancy and democratic ethos of the Academy. Members of the Students\u2019 Parliament:<\/p>\n\n\n\n<ul class=\"wp-block-list\">\n<li>Marko Radi\u0107, president<\/li>\n\n\n\n<li>Stefan Stojkovi\u0107<\/li>\n\n\n\n<li>Tanja Bartula<\/li>\n\n\n\n<li>Jovan Glogovac<\/li>\n\n\n\n<li>Marina Mi\u0161kovi\u0107<\/li>\n\n\n\n<li>Tanja Jankovi\u0107<\/li>\n\n\n\n<li>Jelena Be\u0161li\u0107<\/li>\n\n\n\n<li>An\u0111ela Ne\u0161i\u0107<\/li>\n\n\n\n<li>Ivana Gujani\u010di\u0107<\/li>\n\n\n\n<li>Milan Nikoli\u0107<\/li>\n\n\n\n<li>Aleksandar \u017divi\u0107<\/li>\n\n\n\n<li>Stefan Trajkovi\u0107<\/li>\n\n\n\n<li>Petar \u0160arunac<\/li>\n\n\n\n<li>David Kasagi\u0107<\/li>\n<\/ul>\n\n<\/div>\n            <\/div>\n        <\/div>\n    <\/div>\n    ","protected":false},"excerpt":{"rendered":"","protected":false},"author":1,"featured_media":0,"parent":0,"menu_order":0,"comment_status":"closed","ping_status":"closed","template":"","meta":{"om_disable_all_campaigns":false,"_monsterinsights_skip_tracking":false,"_monsterinsights_sitenote_active":false,"_monsterinsights_sitenote_note":"","_monsterinsights_sitenote_category":0,"_uf_show_specific_survey":0,"_uf_disable_surveys":false,"footnotes":""},"class_list":["post-813","page","type-page","status-publish","hentry"],"acf":[],"yoast_head":"<!-- This site is optimized with the Yoast SEO plugin v23.3 - https:\/\/yoast.com\/wordpress\/plugins\/seo\/ -->\n<title>STUDENTS\u2019 PARLIAMENT - The Academy of Applied Studies Polytechnic<\/title>\n<meta name=\"robots\" content=\"index, follow, max-snippet:-1, max-image-preview:large, max-video-preview:-1\" \/>\n<link rel=\"canonical\" href=\"https:\/\/politehnika.edu.rs\/en\/studentski-parlament\/\" \/>\n<meta property=\"og:locale\" content=\"sr_RS\" \/>\n<meta property=\"og:type\" content=\"article\" \/>\n<meta property=\"og:title\" content=\"STUDENTS\u2019 PARLIAMENT - The Academy of Applied Studies Polytechnic\" \/>\n<meta property=\"og:url\" content=\"https:\/\/politehnika.edu.rs\/en\/studentski-parlament\/\" \/>\n<meta property=\"og:site_name\" content=\"The Academy of Applied Studies Polytechnic\" \/>\n<meta property=\"article:publisher\" content=\"https:\/\/www.facebook.com\/politehnika.edu.rs\" \/>\n<meta property=\"article:modified_time\" content=\"2024-09-25T10:14:46+00:00\" \/>\n<meta name=\"twitter:card\" content=\"summary_large_image\" \/>\n<meta name=\"twitter:site\" content=\"@politehnika_rs\" \/>\n<meta name=\"twitter:label1\" content=\"\u041f\u0440\u043e\u0446\u0435\u045a\u0435\u043d\u043e \u0432\u0440\u0435\u043c\u0435 \u0447\u0438\u0442\u0430\u045a\u0430\" \/>\n\t<meta name=\"twitter:data1\" content=\"1 \u043c\u0438\u043d\u0443\u0442\" \/>\n<script type=\"application\/ld+json\" class=\"yoast-schema-graph\">{\"@context\":\"https:\/\/schema.org\",\"@graph\":[{\"@type\":\"WebPage\",\"@id\":\"https:\/\/politehnika.edu.rs\/en\/studentski-parlament\/\",\"url\":\"https:\/\/politehnika.edu.rs\/en\/studentski-parlament\/\",\"name\":\"STUDENTS\u2019 PARLIAMENT - The Academy of Applied Studies Polytechnic\",\"isPartOf\":{\"@id\":\"https:\/\/politehnika.edu.rs\/en\/#website\"},\"datePublished\":\"2023-10-09T03:54:45+00:00\",\"dateModified\":\"2024-09-25T10:14:46+00:00\",\"breadcrumb\":{\"@id\":\"https:\/\/politehnika.edu.rs\/en\/studentski-parlament\/#breadcrumb\"},\"inLanguage\":\"sr-RS\",\"potentialAction\":[{\"@type\":\"ReadAction\",\"target\":[\"https:\/\/politehnika.edu.rs\/en\/studentski-parlament\/\"]}]},{\"@type\":\"BreadcrumbList\",\"@id\":\"https:\/\/politehnika.edu.rs\/en\/studentski-parlament\/#breadcrumb\",\"itemListElement\":[{\"@type\":\"ListItem\",\"position\":1,\"name\":\"Home\",\"item\":\"https:\/\/politehnika.edu.rs\/en\/\"},{\"@type\":\"ListItem\",\"position\":2,\"name\":\"STUDENTS\u2019 PARLIAMENT\"}]},{\"@type\":\"WebSite\",\"@id\":\"https:\/\/politehnika.edu.rs\/en\/#website\",\"url\":\"https:\/\/politehnika.edu.rs\/en\/\",\"name\":\"Akademija\",\"description\":\"\",\"publisher\":{\"@id\":\"https:\/\/politehnika.edu.rs\/en\/#organization\"},\"potentialAction\":[{\"@type\":\"SearchAction\",\"target\":{\"@type\":\"EntryPoint\",\"urlTemplate\":\"https:\/\/politehnika.edu.rs\/en\/?s={search_term_string}\"},\"query-input\":\"required name=search_term_string\"}],\"inLanguage\":\"sr-RS\"},{\"@type\":\"Organization\",\"@id\":\"https:\/\/politehnika.edu.rs\/en\/#organization\",\"name\":\"\u0410\u043a\u0430\u0434\u0435\u043c\u0438\u0458\u0430 \u0442\u0435\u0445\u043d\u0438\u0447\u043a\u0438\u0445 \u0441\u0442\u0440\u0443\u043a\u043e\u0432\u043d\u0438\u0445 \u0441\u0442\u0443\u0434\u0438\u0458\u0430 \u0411\u0435\u043e\u0433\u0440\u0430\u0434\",\"url\":\"https:\/\/politehnika.edu.rs\/en\/\",\"logo\":{\"@type\":\"ImageObject\",\"inLanguage\":\"sr-RS\",\"@id\":\"https:\/\/politehnika.edu.rs\/en\/#\/schema\/logo\/image\/\",\"url\":\"https:\/\/politehnika.edu.rs\/enwp-content\/uploads\/2023\/10\/logo-no-text.png\",\"contentUrl\":\"https:\/\/politehnika.edu.rs\/enwp-content\/uploads\/2023\/10\/logo-no-text.png\",\"width\":122,\"height\":50,\"caption\":\"\u0410\u043a\u0430\u0434\u0435\u043c\u0438\u0458\u0430 \u0442\u0435\u0445\u043d\u0438\u0447\u043a\u0438\u0445 \u0441\u0442\u0440\u0443\u043a\u043e\u0432\u043d\u0438\u0445 \u0441\u0442\u0443\u0434\u0438\u0458\u0430 \u0411\u0435\u043e\u0433\u0440\u0430\u0434\"},\"image\":{\"@id\":\"https:\/\/politehnika.edu.rs\/en\/#\/schema\/logo\/image\/\"},\"sameAs\":[\"https:\/\/www.facebook.com\/politehnika.edu.rs\",\"https:\/\/x.com\/politehnika_rs\",\"https:\/\/www.instagram.com\/politehnika.edu.rs\/\",\"https:\/\/www.linkedin.com\/school\/politehnika-edu-rs\/\",\"https:\/\/www.youtube.com\/user\/beopoli\/featured\"]}]}<\/script>\n<!-- \/ Yoast SEO plugin. -->","yoast_head_json":{"title":"STUDENTS\u2019 PARLIAMENT - The Academy of Applied Studies Polytechnic","robots":{"index":"index","follow":"follow","max-snippet":"max-snippet:-1","max-image-preview":"max-image-preview:large","max-video-preview":"max-video-preview:-1"},"canonical":"https:\/\/politehnika.edu.rs\/en\/studentski-parlament\/","og_locale":"sr_RS","og_type":"article","og_title":"STUDENTS\u2019 PARLIAMENT - The Academy of Applied Studies Polytechnic","og_url":"https:\/\/politehnika.edu.rs\/en\/studentski-parlament\/","og_site_name":"The Academy of Applied Studies Polytechnic","article_publisher":"https:\/\/www.facebook.com\/politehnika.edu.rs","article_modified_time":"2024-09-25T10:14:46+00:00","twitter_card":"summary_large_image","twitter_site":"@politehnika_rs","twitter_misc":{"\u041f\u0440\u043e\u0446\u0435\u045a\u0435\u043d\u043e \u0432\u0440\u0435\u043c\u0435 \u0447\u0438\u0442\u0430\u045a\u0430":"1 \u043c\u0438\u043d\u0443\u0442"},"schema":{"@context":"https:\/\/schema.org","@graph":[{"@type":"WebPage","@id":"https:\/\/politehnika.edu.rs\/en\/studentski-parlament\/","url":"https:\/\/politehnika.edu.rs\/en\/studentski-parlament\/","name":"STUDENTS\u2019 PARLIAMENT - The Academy of Applied Studies Polytechnic","isPartOf":{"@id":"https:\/\/politehnika.edu.rs\/en\/#website"},"datePublished":"2023-10-09T03:54:45+00:00","dateModified":"2024-09-25T10:14:46+00:00","breadcrumb":{"@id":"https:\/\/politehnika.edu.rs\/en\/studentski-parlament\/#breadcrumb"},"inLanguage":"sr-RS","potentialAction":[{"@type":"ReadAction","target":["https:\/\/politehnika.edu.rs\/en\/studentski-parlament\/"]}]},{"@type":"BreadcrumbList","@id":"https:\/\/politehnika.edu.rs\/en\/studentski-parlament\/#breadcrumb","itemListElement":[{"@type":"ListItem","position":1,"name":"Home","item":"https:\/\/politehnika.edu.rs\/en\/"},{"@type":"ListItem","position":2,"name":"STUDENTS\u2019 PARLIAMENT"}]},{"@type":"WebSite","@id":"https:\/\/politehnika.edu.rs\/en\/#website","url":"https:\/\/politehnika.edu.rs\/en\/","name":"Akademija","description":"","publisher":{"@id":"https:\/\/politehnika.edu.rs\/en\/#organization"},"potentialAction":[{"@type":"SearchAction","target":{"@type":"EntryPoint","urlTemplate":"https:\/\/politehnika.edu.rs\/en\/?s={search_term_string}"},"query-input":"required name=search_term_string"}],"inLanguage":"sr-RS"},{"@type":"Organization","@id":"https:\/\/politehnika.edu.rs\/en\/#organization","name":"\u0410\u043a\u0430\u0434\u0435\u043c\u0438\u0458\u0430 \u0442\u0435\u0445\u043d\u0438\u0447\u043a\u0438\u0445 \u0441\u0442\u0440\u0443\u043a\u043e\u0432\u043d\u0438\u0445 \u0441\u0442\u0443\u0434\u0438\u0458\u0430 \u0411\u0435\u043e\u0433\u0440\u0430\u0434","url":"https:\/\/politehnika.edu.rs\/en\/","logo":{"@type":"ImageObject","inLanguage":"sr-RS","@id":"https:\/\/politehnika.edu.rs\/en\/#\/schema\/logo\/image\/","url":"https:\/\/politehnika.edu.rs\/enwp-content\/uploads\/2023\/10\/logo-no-text.png","contentUrl":"https:\/\/politehnika.edu.rs\/enwp-content\/uploads\/2023\/10\/logo-no-text.png","width":122,"height":50,"caption":"\u0410\u043a\u0430\u0434\u0435\u043c\u0438\u0458\u0430 \u0442\u0435\u0445\u043d\u0438\u0447\u043a\u0438\u0445 \u0441\u0442\u0440\u0443\u043a\u043e\u0432\u043d\u0438\u0445 \u0441\u0442\u0443\u0434\u0438\u0458\u0430 \u0411\u0435\u043e\u0433\u0440\u0430\u0434"},"image":{"@id":"https:\/\/politehnika.edu.rs\/en\/#\/schema\/logo\/image\/"},"sameAs":["https:\/\/www.facebook.com\/politehnika.edu.rs","https:\/\/x.com\/politehnika_rs","https:\/\/www.instagram.com\/politehnika.edu.rs\/","https:\/\/www.linkedin.com\/school\/politehnika-edu-rs\/","https:\/\/www.youtube.com\/user\/beopoli\/featured"]}]}},"_links":{"self":[{"href":"https:\/\/politehnika.edu.rs\/en\/wp-json\/wp\/v2\/pages\/813"}],"collection":[{"href":"https:\/\/politehnika.edu.rs\/en\/wp-json\/wp\/v2\/pages"}],"about":[{"href":"https:\/\/politehnika.edu.rs\/en\/wp-json\/wp\/v2\/types\/page"}],"author":[{"embeddable":true,"href":"https:\/\/politehnika.edu.rs\/en\/wp-json\/wp\/v2\/users\/1"}],"replies":[{"embeddable":true,"href":"https:\/\/politehnika.edu.rs\/en\/wp-json\/wp\/v2\/comments?post=813"}],"version-history":[{"count":7,"href":"https:\/\/politehnika.edu.rs\/en\/wp-json\/wp\/v2\/pages\/813\/revisions"}],"predecessor-version":[{"id":4001,"href":"https:\/\/politehnika.edu.rs\/en\/wp-json\/wp\/v2\/pages\/813\/revisions\/4001"}],"wp:attachment":[{"href":"https:\/\/politehnika.edu.rs\/en\/wp-json\/wp\/v2\/media?parent=813"}],"curies":[{"name":"wp","href":"https:\/\/api.w.org\/{rel}","templated":true}]}}